{"id":29,"date":"2021-11-10T14:08:29","date_gmt":"2021-11-10T20:08:29","guid":{"rendered":"https:\/\/www.cinformacionitd.org.mx\/centro_de_informacion\/?page_id=29"},"modified":"2022-01-29T17:39:07","modified_gmt":"2022-01-29T23:39:07","slug":"nosotros-2","status":"publish","type":"page","link":"https:\/\/www.cinformacionitd.org.mx\/centro_de_informacion\/nosotros-2\/","title":{"rendered":"Nosotros"},"content":{"rendered":"\n<script type=\"text\/javascript\">\nvar num=0;\n   function toggle_visibility(id) {\n       var e = document.getElementById(id);\n       if(e.style.display == 'block')\n          e.style.display = 'none';\n       else\n          e.style.display = 'block';\n   }\n \n  \n \n\n<\/script>\n\n<button class=\"btn1\" onclick=\"toggle_visibility('myText2')\">Misi\u00f3n<\/button>\n<div id=\"myText2\" style=\"display:none\">Satisfacer las necesidades de informaci\u00f3n bibliogr\u00e1fica y documental en un sistema de recuperaci\u00f3n automatizado para fomentar y difundir la cultura, apoyar a la docencia y as\u00ed contribuir a la formaci\u00f3n integral de profesionistas para proporcionar servicios bibliotecarios como lo demanda nuestro Sistema de Gesti\u00f3n de Calidad.<\/div><br>\n\n\n\n<div style=\"height:10px\" aria-hidden=\"true\" class=\"wp-block-spacer\"><\/div>\n\n\n\n<button class=\"btn1\" onclick=\"toggle_visibility('myText')\">Visi\u00f3n<\/button>\n<div id=\"myText\" style=\"display:none\">Ser un espacio capaz de atender las demandas de la formaci\u00f3n con los recursos adecuados y personal especializado, para otorgar asesor\u00eda permanente a fin de los usuarios se provean de la informaci\u00f3n que requieren utilizando tecnolog\u00eda de vanguardia para la formaci\u00f3n de profesionistas competentes.<\/div><br>\n\n\n\n<p><\/p>\n","protected":false},"excerpt":{"rendered":"<p>Misi\u00f3n Satisfacer las necesidades de informaci\u00f3n bibliogr\u00e1fica y documental en un sistema de recuperaci\u00f3n automatizado para fomentar y difundir la cultura, apoyar a la docencia y as\u00ed contribuir a la formaci\u00f3n integral de profesionistas para proporcionar servicios bibliotecarios como lo demanda nuestro Sistema de Gesti\u00f3n de Calidad. Visi\u00f3n Ser un espacio capaz de atender las [&hellip;]<\/p>\n","protected":false},"author":1,"featured_media":0,"parent":0,"menu_order":0,"comment_status":"closed","ping_status":"closed","template":"","meta":{"inline_featured_image":false,"_eb_attr":"","footnotes":""},"class_list":["post-29","page","type-page","status-publish","hentry"],"_links":{"self":[{"href":"https:\/\/www.cinformacionitd.org.mx\/centro_de_informacion\/wp-json\/wp\/v2\/pages\/29"}],"collection":[{"href":"https:\/\/www.cinformacionitd.org.mx\/centro_de_informacion\/wp-json\/wp\/v2\/pages"}],"about":[{"href":"https:\/\/www.cinformacionitd.org.mx\/centro_de_informacion\/wp-json\/wp\/v2\/types\/page"}],"author":[{"embeddable":true,"href":"https:\/\/www.cinformacionitd.org.mx\/centro_de_informacion\/wp-json\/wp\/v2\/users\/1"}],"replies":[{"embeddable":true,"href":"https:\/\/www.cinformacionitd.org.mx\/centro_de_informacion\/wp-json\/wp\/v2\/comments?post=29"}],"version-history":[{"count":29,"href":"https:\/\/www.cinformacionitd.org.mx\/centro_de_informacion\/wp-json\/wp\/v2\/pages\/29\/revisions"}],"predecessor-version":[{"id":136,"href":"https:\/\/www.cinformacionitd.org.mx\/centro_de_informacion\/wp-json\/wp\/v2\/pages\/29\/revisions\/136"}],"wp:attachment":[{"href":"https:\/\/www.cinformacionitd.org.mx\/centro_de_informacion\/wp-json\/wp\/v2\/media?parent=29"}],"curies":[{"name":"wp","href":"https:\/\/api.w.org\/{rel}","templated":true}]}}