{"id":281,"date":"2021-12-07T20:46:32","date_gmt":"2021-12-08T02:46:32","guid":{"rendered":"https:\/\/www.cinformacionitd.org.mx\/centro_de_informacion\/?page_id=281"},"modified":"2025-06-25T09:47:08","modified_gmt":"2025-06-25T14:47:08","slug":"catalogo-en-linea","status":"publish","type":"page","link":"https:\/\/www.cinformacionitd.org.mx\/centro_de_informacion\/catalogo-en-linea\/","title":{"rendered":"Acervo bibliogr\u00e1fico"},"content":{"rendered":"\n<meta charset=\"UTF-8\">\n<iframe src=\"https:\/\/www.cinformacionitd.org.mx\/busquedaNEW\" width=\"1000\" height=\"500\" frameborder=\"0\" scrolling=\"yes\" name=\"ventana\"><\/iframe>\n\n\n\n<style>\n #t1 tr:nth-child(odd) {\n   background: #800040;\n   color:white;\n   font-weight: bold;\n }\n          \n #t1 tr:nth-child(even) {\n   background: #ffffff;\n   color: #800040;\n   font-weight: bold;\n }\n\n\n#t1{ \n   border-collapse:separate;\n   border:solid #800004 2px;\n   border-radius:10px;\n   font-size:16px;   \n}\n@media screen and (max-width: 480px){\n            #t1{\n             font-size:14px;\n            }\n            \n            \n          }\n<\/style>\n\n<figure class=\"wp-block-table is-style-stripes\"><table id=\"t1\"><tbody><tr><td class=\"has-text-align-center\" data-align=\"left\">PLANTA BAJA<\/td><td class=\"has-text-align-center\">PLANTA ALTA<\/td><\/tr><tr><td class=\"has-text-align-left\" data-align=\"left\">000 Obras Generales<\/td><td>600 Ciencias Aplicadas<\/td><\/tr><tr><td class=\"has-text-align-left\" data-align=\"left\">100 Filosof\u00eda &#8211; Psicolog\u00eda<\/td><td>700 Artes<\/td><\/tr><tr><td class=\"has-text-align-left\" data-align=\"left\">200 Religi\u00f3n<\/td><td>800 Literatura<\/td><\/tr><tr><td class=\"has-text-align-left\" data-align=\"left\">300 Ciencias Sociales<\/td><td>900 Geograf\u00eda <\/td><\/tr><tr><td class=\"has-text-align-left\" data-align=\"left\">400 Lenguas<\/td><td><\/td><\/tr><tr><td class=\"has-text-align-left\" data-align=\"left\">500 Ciencias Puras<\/td><td><\/td><\/tr><\/tbody><\/table><figcaption><span style=\"color:#800004\" class=\"has-inline-color\"><strong>CLASIFICACI\u00d3N ACERVO BIBLIOGR\u00c1FICO<\/strong><\/span><\/figcaption><\/figure>\n\n\n\n<p><\/p>\n","protected":false},"excerpt":{"rendered":"<p>PLANTA BAJA PLANTA ALTA 000 Obras Generales 600 Ciencias Aplicadas 100 Filosof\u00eda &#8211; Psicolog\u00eda 700 Artes 200 Religi\u00f3n 800 Literatura 300 Ciencias Sociales 900 Geograf\u00eda 400 Lenguas 500 Ciencias Puras CLASIFICACI\u00d3N ACERVO BIBLIOGR\u00c1FICO<\/p>\n","protected":false},"author":1,"featured_media":0,"parent":0,"menu_order":3,"comment_status":"closed","ping_status":"closed","template":"","meta":{"inline_featured_image":false,"_eb_attr":"","footnotes":""},"class_list":["post-281","page","type-page","status-publish","hentry"],"_links":{"self":[{"href":"https:\/\/www.cinformacionitd.org.mx\/centro_de_informacion\/wp-json\/wp\/v2\/pages\/281"}],"collection":[{"href":"https:\/\/www.cinformacionitd.org.mx\/centro_de_informacion\/wp-json\/wp\/v2\/pages"}],"about":[{"href":"https:\/\/www.cinformacionitd.org.mx\/centro_de_informacion\/wp-json\/wp\/v2\/types\/page"}],"author":[{"embeddable":true,"href":"https:\/\/www.cinformacionitd.org.mx\/centro_de_informacion\/wp-json\/wp\/v2\/users\/1"}],"replies":[{"embeddable":true,"href":"https:\/\/www.cinformacionitd.org.mx\/centro_de_informacion\/wp-json\/wp\/v2\/comments?post=281"}],"version-history":[{"count":63,"href":"https:\/\/www.cinformacionitd.org.mx\/centro_de_informacion\/wp-json\/wp\/v2\/pages\/281\/revisions"}],"predecessor-version":[{"id":1505,"href":"https:\/\/www.cinformacionitd.org.mx\/centro_de_informacion\/wp-json\/wp\/v2\/pages\/281\/revisions\/1505"}],"wp:attachment":[{"href":"https:\/\/www.cinformacionitd.org.mx\/centro_de_informacion\/wp-json\/wp\/v2\/media?parent=281"}],"curies":[{"name":"wp","href":"https:\/\/api.w.org\/{rel}","templated":true}]}}