{"id":141,"date":"2021-11-30T14:27:04","date_gmt":"2021-11-30T20:27:04","guid":{"rendered":"https:\/\/www.cinformacionitd.org.mx\/centro_de_informacion\/?page_id=141"},"modified":"2024-10-24T10:44:53","modified_gmt":"2024-10-24T15:44:53","slug":"inicio","status":"publish","type":"page","link":"https:\/\/www.cinformacionitd.org.mx\/centro_de_informacion\/","title":{"rendered":"Inicio"},"content":{"rendered":"\t\t<div data-elementor-type=\"wp-page\" data-elementor-id=\"141\" class=\"elementor elementor-141\">\n\t\t\t\t<div class=\"elementor-element elementor-element-03fd762 e-flex e-con-boxed e-con e-parent\" data-id=\"03fd762\" data-element_type=\"container\" data-settings=\"{&quot;background_background&quot;:&quot;classic&quot;}\">\n\t\t\t\t\t<div class=\"e-con-inner\">\n\t\t\t\t<div class=\"elementor-element elementor-element-0b8e7ef elementor-widget elementor-widget-image\" data-id=\"0b8e7ef\" data-element_type=\"widget\" data-widget_type=\"image.default\">\n\t\t\t\t<div class=\"elementor-widget-container\">\n\t\t\t\t\t\t\t\t\t\t\t\t\t<img decoding=\"async\" src=\"https:\/\/www.cinformacionitd.org.mx\/centro_de_informacion\/wp-content\/uploads\/2022\/11\/logo-itd.svg\" title=\"logo-itd\" alt=\"logo-itd\" loading=\"lazy\" \/>\t\t\t\t\t\t\t\t\t\t\t\t\t<\/div>\n\t\t\t\t<\/div>\n\t\t\t\t<div class=\"elementor-element elementor-element-d39ab0f elementor-widget elementor-widget-heading\" data-id=\"d39ab0f\" data-element_type=\"widget\" data-widget_type=\"heading.default\">\n\t\t\t\t<div class=\"elementor-widget-container\">\n\t\t\t<h2 class=\"elementor-heading-title elementor-size-default\">CENTRO DE INFORMACI\u00d3N ITD<\/h2>\t\t<\/div>\n\t\t\t\t<\/div>\n\t\t\t\t<div class=\"elementor-element elementor-element-146fa09 elementor-widget elementor-widget-button\" data-id=\"146fa09\" data-element_type=\"widget\" data-widget_type=\"button.default\">\n\t\t\t\t<div class=\"elementor-widget-container\">\n\t\t\t\t\t\t\t<div class=\"elementor-button-wrapper\">\n\t\t\t\t\t<a class=\"elementor-button elementor-button-link elementor-size-sm\" href=\"https:\/\/kuula.co\/share\/collection\/7Kwmr?logo=1&#038;info=1&#038;fs=1&#038;vr=0&#038;autop=10&#038;thumbs=2&#038;inst=es\">\n\t\t\t\t\t\t<span class=\"elementor-button-content-wrapper\">\n\t\t\t\t\t\t\t\t\t<span class=\"elementor-button-text\">Visitanos Online<\/span>\n\t\t\t\t\t<\/span>\n\t\t\t\t\t<\/a>\n\t\t\t\t<\/div>\n\t\t\t\t\t\t<\/div>\n\t\t\t\t<\/div>\n\t\t\t\t\t<\/div>\n\t\t\t\t<\/div>\n\t\t<div class=\"elementor-element elementor-element-2f93c81a e-con-full e-flex e-con e-parent\" data-id=\"2f93c81a\" data-element_type=\"container\" data-settings=\"{&quot;background_background&quot;:&quot;classic&quot;}\">\n\t\t<div class=\"elementor-element elementor-element-1a82b5b e-con-full e-flex e-con e-child\" data-id=\"1a82b5b\" data-element_type=\"container\">\n\t\t<div class=\"elementor-element elementor-element-8e0da45 e-con-full e-flex e-con e-child\" data-id=\"8e0da45\" data-element_type=\"container\">\n\t\t\t\t<div class=\"elementor-element elementor-element-9e3e203 elementor-widget elementor-widget-heading\" data-id=\"9e3e203\" data-element_type=\"widget\" data-widget_type=\"heading.default\">\n\t\t\t\t<div class=\"elementor-widget-container\">\n\t\t\t<h2 class=\"elementor-heading-title elementor-size-default\">CONOCE NUESTRAS INSTALACIONES<\/h2>\t\t<\/div>\n\t\t\t\t<\/div>\n\t\t\t\t<div class=\"elementor-element elementor-element-2445ac1 elementor-widget__width-inherit elementor-widget elementor-widget-html\" data-id=\"2445ac1\" data-element_type=\"widget\" data-widget_type=\"html.default\">\n\t\t\t\t<div class=\"elementor-widget-container\">\n\t\t\t<iframe class=\"ku-embed w-full\" height=\"600px\" frameborder=\"0\" allow=\"xr-spatial-tracking; gyroscope; accelerometer\" allowfullscreen scrolling=\"no\" src=\"https:\/\/kuula.co\/share\/collection\/7Kwmr?logo=1&info=1&fs=1&vr=0&autop=10&thumbs=2&inst=es\"><\/iframe>\t\t<\/div>\n\t\t\t\t<\/div>\n\t\t\t\t<\/div>\n\t\t<div class=\"elementor-element elementor-element-3ca940b e-con-full e-flex e-con e-child\" data-id=\"3ca940b\" data-element_type=\"container\">\n\t\t<div class=\"elementor-element elementor-element-127d1b6 e-con-full e-flex e-con e-child\" data-id=\"127d1b6\" data-element_type=\"container\" data-settings=\"{&quot;background_background&quot;:&quot;classic&quot;}\">\n\t\t\t\t<div class=\"elementor-element elementor-element-b8a8ac5 elementor-widget elementor-widget-heading\" data-id=\"b8a8ac5\" data-element_type=\"widget\" data-widget_type=\"heading.default\">\n\t\t\t\t<div class=\"elementor-widget-container\">\n\t\t\t<h2 class=\"elementor-heading-title elementor-size-default\">Horario de atenci\u00f3n<br>\nLunes - Viernes 7:00 a 20:30 hrs.<br>\nS\u00e1bado 8:00 a 13:00<\/h2>\t\t<\/div>\n\t\t\t\t<\/div>\n\t\t\t\t<\/div>\n\t\t<div class=\"elementor-element elementor-element-c48273d e-con-full e-flex e-con e-child\" data-id=\"c48273d\" data-element_type=\"container\" data-settings=\"{&quot;background_background&quot;:&quot;classic&quot;}\">\n\t\t\t\t<div class=\"elementor-element elementor-element-d518a24 elementor-widget__width-inherit elementor-widget elementor-widget-html\" data-id=\"d518a24\" data-element_type=\"widget\" data-widget_type=\"html.default\">\n\t\t\t\t<div class=\"elementor-widget-container\">\n\t\t\t<iframe width=\"100px\" height=\"600px\" id=\"framep\" src=\"https:\/\/www.cinformacionitd.org.mx\/ultimos_libros.php\" frameborder=\"0\" scrolling=\"no\" name=\"ventana\"><\/iframe>\t\t<\/div>\n\t\t\t\t<\/div>\n\t\t\t\t<\/div>\n\t\t\t\t<\/div>\n\t\t\t\t<\/div>\n\t\t\t\t<\/div>\n\t\t<div class=\"elementor-element elementor-element-60808d2 e-con-full e-flex e-con e-parent\" data-id=\"60808d2\" data-element_type=\"container\">\n\t\t\t\t<div class=\"elementor-element elementor-element-78ddd20 elementor-widget elementor-widget-image\" data-id=\"78ddd20\" data-element_type=\"widget\" data-widget_type=\"image.default\">\n\t\t\t\t<div class=\"elementor-widget-container\">\n\t\t\t\t\t\t\t\t\t\t\t\t\t<img fetchpriority=\"high\" decoding=\"async\" width=\"1366\" height=\"768\" src=\"https:\/\/www.cinformacionitd.org.mx\/centro_de_informacion\/wp-content\/uploads\/2024\/10\/ActivacionApp-1.png\" class=\"attachment-full size-full wp-image-1457\" alt=\"\" srcset=\"https:\/\/www.cinformacionitd.org.mx\/centro_de_informacion\/wp-content\/uploads\/2024\/10\/ActivacionApp-1.png 1366w, https:\/\/www.cinformacionitd.org.mx\/centro_de_informacion\/wp-content\/uploads\/2024\/10\/ActivacionApp-1-300x169.png 300w, https:\/\/www.cinformacionitd.org.mx\/centro_de_informacion\/wp-content\/uploads\/2024\/10\/ActivacionApp-1-1024x576.png 1024w, https:\/\/www.cinformacionitd.org.mx\/centro_de_informacion\/wp-content\/uploads\/2024\/10\/ActivacionApp-1-768x432.png 768w\" sizes=\"(max-width: 1366px) 100vw, 1366px\" \/>\t\t\t\t\t\t\t\t\t\t\t\t\t<\/div>\n\t\t\t\t<\/div>\n\t\t\t\t<\/div>\n\t\t<div class=\"elementor-element elementor-element-2411944 e-flex e-con-boxed e-con e-parent\" data-id=\"2411944\" data-element_type=\"container\">\n\t\t\t\t\t<div class=\"e-con-inner\">\n\t\t\t\t<div class=\"elementor-element elementor-element-2d48669 elementor-widget elementor-widget-heading\" data-id=\"2d48669\" data-element_type=\"widget\" data-widget_type=\"heading.default\">\n\t\t\t\t<div class=\"elementor-widget-container\">\n\t\t\t<h2 class=\"elementor-heading-title elementor-size-default\">NOTICIAS<\/h2>\t\t<\/div>\n\t\t\t\t<\/div>\n\t\t\t\t<div class=\"elementor-element elementor-element-bb01074 elementor-widget elementor-widget-shortcode\" data-id=\"bb01074\" data-element_type=\"widget\" data-widget_type=\"shortcode.default\">\n\t\t\t\t<div class=\"elementor-widget-container\">\n\t\t\t\t\t<div class=\"elementor-shortcode\"><div class=\"pt-cv-wrapper\"><div class=\"pt-cv-view pt-cv-blockgrid iscvblock iscvhybrid list1 layout1\" id=\"pt-cv-view-be5c295kmv\"><div data-id=\"pt-cv-page-1\" class=\"pt-cv-page\" data-cvc=\"1\"><div class=\" pt-cv-content-item pt-cv-2-col\" ><div class=\"pt-cv-thumb-wrapper pull-left \"><a href=\"https:\/\/www.cinformacionitd.org.mx\/centro_de_informacion\/blog\/altar-muertos-2024\/\" class=\"_self pt-cv-href-thumbnail pt-cv-thumb-left\" target=\"_self\" ><img decoding=\"async\" width=\"300\" height=\"200\" src=\"https:\/\/www.cinformacionitd.org.mx\/centro_de_informacion\/wp-content\/uploads\/2024\/11\/465282618_944777561014105_4294713267518125619_n-300x200.jpg\" class=\"pt-cv-thumbnail pull-left\" alt=\"\" \/><\/a><\/div>\n<div class=\"pt-cv-colwrap\"><div class=\"pt-cv-taxoterm above_title\"><a href='https:\/\/www.cinformacionitd.org.mx\/centro_de_informacion\/blog\/category\/noticias\/' title='Noticias' class='pt-cv-tax-noticias'>Noticias<\/a><\/div><h4 class=\"pt-cv-title\"><a href=\"https:\/\/www.cinformacionitd.org.mx\/centro_de_informacion\/blog\/altar-muertos-2024\/\" class=\"_self\" target=\"_self\" >Altar del d\u00eda de muertos<\/a><\/h4><div class=\"pt-cv-content\">DIA DE MUERTOS El Centro de Informaci\u00f3n \"Ing. Jes\u00fas T\u00e9bar Rodr\u00edguez\" del TECNM Instituto Tecnol\u00f3gico de Durango (ITD) se visti\u00f3 ...<br \/><div class=\"pt-cv-rmwrap\"><a href=\"https:\/\/www.cinformacionitd.org.mx\/centro_de_informacion\/blog\/altar-muertos-2024\/\" class=\"_self pt-cv-readmore btn btn-success\" target=\"_self\">Leer M\u00e1s<\/a><\/div><\/div><\/div><\/div><\/div><\/div><\/div>\t\t\t<style type=\"text\/css\" id=\"pt-cv-inline-style-7b4dcaej8l\">\n#pt-cv-view-be5c295kmv .pt-cv-thumb-wrapper:not(.miniwrap) { width: 40%; }#pt-cv-view-be5c295kmv .pt-cv-thumbnail:not(.pt-cv-thumbnailsm) { height: 300px; }#pt-cv-view-be5c295kmv > .pt-cv-page {grid-template-columns: repeat(1, 1fr);grid-gap: 15px;}\n@media all and (max-width: 1024px) { \n#pt-cv-view-be5c295kmv > .pt-cv-page {grid-template-columns: repeat(1, 1fr);}\n} \n@media all and (max-width: 767px) { \n#pt-cv-view-be5c295kmv > .pt-cv-page {grid-template-columns: repeat(1, 1fr);}\n} <\/style>\r\n\t\t\t<\/div>\n\t\t\t\t<\/div>\n\t\t\t\t<\/div>\n\t\t\t\t\t<\/div>\n\t\t\t\t<\/div>\n\t\t\t\t<\/div>\n\t\t","protected":false},"excerpt":{"rendered":"<p>CENTRO DE INFORMACI\u00d3N ITD Visitanos Online CONOCE NUESTRAS INSTALACIONES Horario de atenci\u00f3n Lunes &#8211; Viernes 7:00 a 20:30 hrs. S\u00e1bado 8:00 a 13:00 NOTICIAS<\/p>\n","protected":false},"author":1,"featured_media":0,"parent":0,"menu_order":0,"comment_status":"closed","ping_status":"closed","template":"elementor_header_footer","meta":{"inline_featured_image":false,"_eb_attr":"","footnotes":""},"class_list":["post-141","page","type-page","status-publish","hentry"],"_links":{"self":[{"href":"https:\/\/www.cinformacionitd.org.mx\/centro_de_informacion\/wp-json\/wp\/v2\/pages\/141"}],"collection":[{"href":"https:\/\/www.cinformacionitd.org.mx\/centro_de_informacion\/wp-json\/wp\/v2\/pages"}],"about":[{"href":"https:\/\/www.cinformacionitd.org.mx\/centro_de_informacion\/wp-json\/wp\/v2\/types\/page"}],"author":[{"embeddable":true,"href":"https:\/\/www.cinformacionitd.org.mx\/centro_de_informacion\/wp-json\/wp\/v2\/users\/1"}],"replies":[{"embeddable":true,"href":"https:\/\/www.cinformacionitd.org.mx\/centro_de_informacion\/wp-json\/wp\/v2\/comments?post=141"}],"version-history":[{"count":216,"href":"https:\/\/www.cinformacionitd.org.mx\/centro_de_informacion\/wp-json\/wp\/v2\/pages\/141\/revisions"}],"predecessor-version":[{"id":1461,"href":"https:\/\/www.cinformacionitd.org.mx\/centro_de_informacion\/wp-json\/wp\/v2\/pages\/141\/revisions\/1461"}],"wp:attachment":[{"href":"https:\/\/www.cinformacionitd.org.mx\/centro_de_informacion\/wp-json\/wp\/v2\/media?parent=141"}],"curies":[{"name":"wp","href":"https:\/\/api.w.org\/{rel}","templated":true}]}}